{"id":2,"date":"2015-09-16T04:24:25","date_gmt":"2015-09-16T04:24:25","guid":{"rendered":"http:\/\/wp431m.a10-52-158-154.qa.plesk.ru\/wordpress\/?page_id=2"},"modified":"2016-12-15T19:15:49","modified_gmt":"2016-12-15T19:15:49","slug":"sample-page","status":"publish","type":"page","link":"http:\/\/szmydcoaching.com\/?page_id=2","title":{"rendered":"Oferta"},"content":{"rendered":"<p>Po\u015bwi\u0119c\u0119 m\u00f3j czas tylko <strong>Tobie<\/strong><br \/>\nZaplanujemy proces treningowy specjalnie <strong>dla Ciebie<\/strong> uwzgl\u0119dniaj\u0105c Twoje predyspozycje i oczekiwania.<br \/>\n<strong>Pomog\u0119 Ci<\/strong> osi\u0105gn\u0105\u0107 cele o kt\u00f3rych marzysz.<\/p>\n<p><em>Je\u017celi trenujesz samodzielnie mog\u0119 by\u0107 Twoim konsultantem<br \/>\nZapraszam Ci\u0119 r\u00f3wnie\u017c na moje treningi na Lazurowym wybrze\u017cu i w\u0142oskiej Versilii.<\/em><\/p>\n","protected":false},"excerpt":{"rendered":"<p>Po\u015bwi\u0119c\u0119 m\u00f3j czas tylko Tobie Zaplanujemy proces treningowy specjalnie dla Ciebie uwzgl\u0119dniaj\u0105c Twoje predyspozycje i oczekiwania. Pomog\u0119 Ci osi\u0105gn\u0105\u0107 cele o kt\u00f3rych marzysz. Je\u017celi trenujesz samodzielnie mog\u0119 by\u0107 Twoim konsultantem Zapraszam Ci\u0119 r\u00f3wnie\u017c na moje treningi na Lazurowym wybrze\u017cu i w\u0142oskiej Versilii.<\/p>\n","protected":false},"author":1,"featured_media":0,"parent":0,"menu_order":0,"comment_status":"closed","ping_status":"open","template":"","meta":{"ngg_post_thumbnail":0,"jetpack_post_was_ever_published":false,"footnotes":""},"class_list":["post-2","page","type-page","status-publish","hentry"],"jetpack_sharing_enabled":true,"jetpack_shortlink":"https:\/\/wp.me\/P89kKh-2","jetpack-related-posts":[],"_links":{"self":[{"href":"http:\/\/szmydcoaching.com\/index.php?rest_route=\/wp\/v2\/pages\/2","targetHints":{"allow":["GET"]}}],"collection":[{"href":"http:\/\/szmydcoaching.com\/index.php?rest_route=\/wp\/v2\/pages"}],"about":[{"href":"http:\/\/szmydcoaching.com\/index.php?rest_route=\/wp\/v2\/types\/page"}],"author":[{"embeddable":true,"href":"http:\/\/szmydcoaching.com\/index.php?rest_route=\/wp\/v2\/users\/1"}],"replies":[{"embeddable":true,"href":"http:\/\/szmydcoaching.com\/index.php?rest_route=%2Fwp%2Fv2%2Fcomments&post=2"}],"version-history":[{"count":5,"href":"http:\/\/szmydcoaching.com\/index.php?rest_route=\/wp\/v2\/pages\/2\/revisions"}],"predecessor-version":[{"id":245,"href":"http:\/\/szmydcoaching.com\/index.php?rest_route=\/wp\/v2\/pages\/2\/revisions\/245"}],"wp:attachment":[{"href":"http:\/\/szmydcoaching.com\/index.php?rest_route=%2Fwp%2Fv2%2Fmedia&parent=2"}],"curies":[{"name":"wp","href":"https:\/\/api.w.org\/{rel}","templated":true}]}}