{"id":226,"date":"2016-12-11T15:15:16","date_gmt":"2016-12-11T15:15:16","guid":{"rendered":"http:\/\/szmydcoaching.com\/?page_id=226"},"modified":"2016-12-14T20:43:00","modified_gmt":"2016-12-14T20:43:00","slug":"one-to-one","status":"publish","type":"page","link":"https:\/\/szmydcoaching.com\/","title":{"rendered":"One to one"},"content":{"rendered":"<p>Do ka\u017cdego zawodnika podchodz\u0119 indywidualnie, z planem na ka\u017cdy dzie\u0144 \u201eszytym\u201d pod konkretn\u0105 osob\u0119.<\/p>\n","protected":false},"excerpt":{"rendered":"<p>Do ka\u017cdego zawodnika podchodz\u0119 indywidualnie, z planem na ka\u017cdy dzie\u0144 \u201eszytym\u201d pod konkretn\u0105 osob\u0119.<\/p>\n","protected":false},"author":1,"featured_media":0,"parent":0,"menu_order":0,"comment_status":"closed","ping_status":"closed","template":"","meta":{"ngg_post_thumbnail":0,"jetpack_post_was_ever_published":false,"footnotes":""},"class_list":["post-226","page","type-page","status-publish","hentry"],"jetpack_sharing_enabled":true,"jetpack_shortlink":"https:\/\/wp.me\/P89kKh-3E","jetpack-related-posts":[],"_links":{"self":[{"href":"https:\/\/szmydcoaching.com\/index.php?rest_route=\/wp\/v2\/pages\/226","targetHints":{"allow":["GET"]}}],"collection":[{"href":"https:\/\/szmydcoaching.com\/index.php?rest_route=\/wp\/v2\/pages"}],"about":[{"href":"https:\/\/szmydcoaching.com\/index.php?rest_route=\/wp\/v2\/types\/page"}],"author":[{"embeddable":true,"href":"https:\/\/szmydcoaching.com\/index.php?rest_route=\/wp\/v2\/users\/1"}],"replies":[{"embeddable":true,"href":"https:\/\/szmydcoaching.com\/index.php?rest_route=%2Fwp%2Fv2%2Fcomments&post=226"}],"version-history":[{"count":3,"href":"https:\/\/szmydcoaching.com\/index.php?rest_route=\/wp\/v2\/pages\/226\/revisions"}],"predecessor-version":[{"id":234,"href":"https:\/\/szmydcoaching.com\/index.php?rest_route=\/wp\/v2\/pages\/226\/revisions\/234"}],"wp:attachment":[{"href":"https:\/\/szmydcoaching.com\/index.php?rest_route=%2Fwp%2Fv2%2Fmedia&parent=226"}],"curies":[{"name":"wp","href":"https:\/\/api.w.org\/{rel}","templated":true}]}}